{"id":3299,"date":"2019-06-08T09:00:27","date_gmt":"2019-06-08T09:00:27","guid":{"rendered":"https:\/\/xlmd.hu\/fo_rolunk_hu\/"},"modified":"2025-09-08T13:56:30","modified_gmt":"2025-09-08T13:56:30","slug":"xlmd","status":"publish","type":"page","link":"https:\/\/xlmd.hu\/de\/xlmd\/","title":{"rendered":"fo_rolunk_hu"},"content":{"rendered":"<!--themify_builder_content-->\n<div id=\"themify_builder_content-3299\" data-postid=\"3299\" class=\"themify_builder_content themify_builder_content-3299 themify_builder tf_clear\">\n                    <div  data-css_id=\"8x0y944\" data-lazy=\"1\" class=\"module_row themify_builder_row fullwidth_row_container tb_8x0y944 tb_first tf_w\">\n                        <div class=\"row_inner col_align_top tb_col_count_1 tf_box tf_rel\">\n                        <div  data-lazy=\"1\" class=\"module_column tb-column col-full tb_xyvp945 first\">\n                            <div  data-lazy=\"1\" class=\"module_subrow themify_builder_sub_row tf_w col_align_top tb_col_count_2 tb_1wul574\">\n                <div  data-lazy=\"1\" class=\"module_column sub_column tb_d95u575 first\">\n                    <!-- module image -->\n<div  class=\"module module-image tb_tmfh808 image-top   tf_mw\" data-lazy=\"1\">\n        <div class=\"image-wrap tf_rel tf_mw\">\n            <img loading=\"lazy\" decoding=\"async\" src=\"https:\/\/xlmd.hu\/wp-content\/uploads\/2025\/02\/20240617_171546-1-1-1024x768-500x375.jpg\" width=\"500\" height=\"375\" class=\"wp-post-image wp-image-2439\" title=\"miko_tamas\" alt=\"miko_tamas\" srcset=\"https:\/\/xlmd.hu\/wp-content\/uploads\/2025\/02\/20240617_171546-1-1-1024x768-500x375.jpg 500w, https:\/\/xlmd.hu\/wp-content\/uploads\/2025\/02\/20240617_171546-1-1-300x225.jpg 300w, https:\/\/xlmd.hu\/wp-content\/uploads\/2025\/02\/20240617_171546-1-1-1024x768.jpg 1024w, https:\/\/xlmd.hu\/wp-content\/uploads\/2025\/02\/20240617_171546-1-1-768x576.jpg 768w, https:\/\/xlmd.hu\/wp-content\/uploads\/2025\/02\/20240617_171546-1-1-1536x1152.jpg 1536w, https:\/\/xlmd.hu\/wp-content\/uploads\/2025\/02\/20240617_171546-1-1-2048x1536.jpg 2048w\" sizes=\"auto, (max-width: 500px) 100vw, 500px\" \/>    \n        <\/div>\n    <!-- \/image-wrap -->\n    \n        <\/div>\n<!-- \/module image --><!-- module gallery -->\n<div  class=\"module gallery module-gallery tb_ywsb94 layout-grid  \" data-lazy=\"1\">\n    <div class=\"module-gallery-grid\" style=\"--gald:4;--galt:4;--galm:4\">\n            <dl class=\"gallery-item\">\n            <dt class=\"gallery-icon\">\n            <a data-title=\"\" title=\"\" href=\"https:\/\/xlmd.hu\/wp-content\/uploads\/2025\/04\/20240411_084623-scaled.jpg\" data-rel=\"tb_ywsb94\" class=\"themify_lightbox\"><img loading=\"lazy\" decoding=\"async\" src=\"https:\/\/xlmd.hu\/wp-content\/uploads\/2025\/04\/20240411_084623-1024x576-300x200.jpg\" width=\"300\" height=\"200\" class=\"wp-post-image wp-image-2637\" title=\"20240411_084623\" alt=\"20240411_084623\"><\/a>            <\/dt>\n                    <\/dl>\n            <dl class=\"gallery-item\">\n            <dt class=\"gallery-icon\">\n            <a data-title=\"\" title=\"\" href=\"https:\/\/xlmd.hu\/wp-content\/uploads\/2025\/04\/IMG_20220812_153312-scaled.jpg\" data-rel=\"tb_ywsb94\" class=\"themify_lightbox\"><img loading=\"lazy\" decoding=\"async\" src=\"https:\/\/xlmd.hu\/wp-content\/uploads\/2025\/04\/IMG_20220812_153312-768x1024-300x200.jpg\" width=\"300\" height=\"200\" class=\"wp-post-image wp-image-2647\" title=\"IMG_20220812_153312\" alt=\"IMG_20220812_153312\"><\/a>            <\/dt>\n                    <\/dl>\n            <dl class=\"gallery-item\">\n            <dt class=\"gallery-icon\">\n            <a data-title=\"\" title=\"\" href=\"https:\/\/xlmd.hu\/wp-content\/uploads\/2025\/04\/IMG_20230120_122104-scaled.jpg\" data-rel=\"tb_ywsb94\" class=\"themify_lightbox\"><img loading=\"lazy\" decoding=\"async\" src=\"https:\/\/xlmd.hu\/wp-content\/uploads\/2025\/04\/IMG_20230120_122104-578x1024-300x200.jpg\" width=\"300\" height=\"200\" class=\"wp-post-image wp-image-2641\" title=\"IMG_20230120_122104\" alt=\"IMG_20230120_122104\"><\/a>            <\/dt>\n                    <\/dl>\n            <dl class=\"gallery-item\">\n            <dt class=\"gallery-icon\">\n            <a data-title=\"\" title=\"\" href=\"https:\/\/xlmd.hu\/wp-content\/uploads\/2025\/04\/IMG_20230515_183754-scaled-e1754255432986.jpg\" data-rel=\"tb_ywsb94\" class=\"themify_lightbox\"><img loading=\"lazy\" decoding=\"async\" src=\"https:\/\/xlmd.hu\/wp-content\/uploads\/2025\/04\/IMG_20230515_183754-1024x578-300x200.jpg\" width=\"300\" height=\"200\" class=\"wp-post-image wp-image-2625\" title=\"IMG_20230515_183754\" alt=\"IMG_20230515_183754\"><\/a>            <\/dt>\n                    <\/dl>\n            <dl class=\"gallery-item\">\n            <dt class=\"gallery-icon\">\n            <a data-title=\"\" title=\"\" href=\"https:\/\/xlmd.hu\/wp-content\/uploads\/2025\/04\/20240604_113505-scaled.jpg\" data-rel=\"tb_ywsb94\" class=\"themify_lightbox\"><img loading=\"lazy\" decoding=\"async\" src=\"https:\/\/xlmd.hu\/wp-content\/uploads\/2025\/04\/20240604_113505-1024x768-300x200.jpg\" width=\"300\" height=\"200\" class=\"wp-post-image wp-image-2635\" title=\"20240604_113505\" alt=\"20240604_113505\"><\/a>            <\/dt>\n                    <\/dl>\n            <dl class=\"gallery-item\">\n            <dt class=\"gallery-icon\">\n            <a data-title=\"\" title=\"\" href=\"https:\/\/xlmd.hu\/wp-content\/uploads\/2025\/04\/IMG_20210707_085511-scaled.jpg\" data-rel=\"tb_ywsb94\" class=\"themify_lightbox\"><img loading=\"lazy\" decoding=\"async\" src=\"https:\/\/xlmd.hu\/wp-content\/uploads\/2025\/04\/IMG_20210707_085511-1024x766-300x200.jpg\" width=\"300\" height=\"200\" class=\"wp-post-image wp-image-2653\" title=\"IMG_20210707_085511\" alt=\"IMG_20210707_085511\"><\/a>            <\/dt>\n                    <\/dl>\n            <dl class=\"gallery-item\">\n            <dt class=\"gallery-icon\">\n            <a data-title=\"\" title=\"\" href=\"https:\/\/xlmd.hu\/wp-content\/uploads\/2025\/04\/20230804_131710-1-scaled.jpg\" data-rel=\"tb_ywsb94\" class=\"themify_lightbox\"><img loading=\"lazy\" decoding=\"async\" src=\"https:\/\/xlmd.hu\/wp-content\/uploads\/2025\/04\/20230804_131710-1-1024x768-300x200.jpg\" width=\"300\" height=\"200\" class=\"wp-post-image wp-image-2639\" title=\"20230804_131710 (1)\" alt=\"20230804_131710 (1)\"><\/a>            <\/dt>\n                    <\/dl>\n            <dl class=\"gallery-item\">\n            <dt class=\"gallery-icon\">\n            <a data-title=\"\" title=\"\" href=\"https:\/\/xlmd.hu\/wp-content\/uploads\/2025\/02\/IMG_4461_21-scaled.jpg\" data-rel=\"tb_ywsb94\" class=\"themify_lightbox\"><img loading=\"lazy\" decoding=\"async\" src=\"https:\/\/xlmd.hu\/wp-content\/uploads\/2025\/02\/IMG_4461_21-1024x576-300x200.jpg\" width=\"300\" height=\"200\" class=\"wp-post-image wp-image-2465\" title=\"IMG_4461_(2)[1]\" alt=\"IMG_4461_(2)[1]\"><\/a>            <\/dt>\n                    <\/dl>\n    <\/div>\n<\/div>\n<!-- \/module gallery -->        <\/div>\n                    <div  data-lazy=\"1\" class=\"module_column sub_column tb_5hoq575 last\">\n                    <!-- module fancy heading -->\n<div  class=\"module module-fancy-heading tb_ypzb939  tb_hide_divider\" data-lazy=\"1\">\n        <h1 class=\"fancy-heading tf_textl\">\n    <span class=\"main-head tf_block\">\n                    \u00dcBER UNS            <\/span>\n\n    \n    <span class=\"sub-head tf_block tf_rel\">\n                                <\/span>\n    <\/h1>\n<\/div>\n<!-- \/module fancy heading -->\n<!-- module text -->\n<div  class=\"module module-text tb_76a0609   \" data-lazy=\"1\">\n        <div  class=\"tb_text_wrap\">\n        <h6>Ich bin Tam\u00e1s Mik\u00f3, der Inhaber von XL Media Design, einem Hersteller spezieller Werbedekorationsmittel.<\/h6>\n<p>Wir besch\u00e4ftigen uns mit der Herstellung und Installation spezieller Werbedekorationsmittel, die selbst die Bed\u00fcrfnisse multinationaler Unternehmen abdecken k\u00f6nnen.<\/p>\n<p><span style=\"font-size: 1.05em\">Meine 15-j\u00e4hrige Berufserfahrung habe ich haupts\u00e4chlich in \u00d6sterreich gesammelt. Seit Jahren produzieren und installieren wir Werbedekorationen f\u00fcr den \u00f6sterreichischen Markt.  <\/span><span style=\"font-size: 1.05em\">J\u00e4hrlich dekorieren wir Fl\u00e4chen in der Gr\u00f6\u00dfe mehrerer Fu\u00dfballfelder mit kurzen Fristen und ohne Reklamationen, sowie spezielle Oberfl\u00e4chen, bei denen Konkurrenzunternehmen normalerweise scheitern. Ab diesem Jahr haben wir unsere eigene Produktionskapazit\u00e4t durch mehrere Entwicklungen auf ein h\u00f6heres Niveau gehoben. Zu unseren Kunden z\u00e4hlen f\u00fchrende Werbeagenturen in Europa sowie staatliche Unternehmen und internationale Handelsketten.   <\/span><\/p>    <\/div>\n<\/div>\n<!-- \/module text --><!-- module text -->\n<div  class=\"module module-text tb_9rbx916   \" data-lazy=\"1\">\n        <div  class=\"tb_text_wrap\">\n        <h3>Unsere Mission<\/h3>\n<p class=\"MsoNormal\"><span style=\"font-size: 1.05em\">Wir unterst\u00fctzen Sie von der Idee bis zur Umsetzung und begleiten den gesamten Prozess. Angepasst an Ihre Bed\u00fcrfnisse bieten wir ma\u00dfgeschneiderte und innovative L\u00f6sungen, damit Ihr Unternehmen stets aktuell und wettbewerbsf\u00e4hig bleibt. Mit unserem Fachwissen und Engagement stellen wir sicher, dass jede Phase des Projekts reibungslos und auf hohem Niveau umgesetzt wird. Unser Ziel ist es, dass Sie Ergebnisse erzielen, die Ihre Erwartungen \u00fcbertreffen und zu Ihrem Gesch\u00e4ftserfolg beitragen. Bei der Zusammenarbeit stehen Qualit\u00e4t und Zuverl\u00e4ssigkeit an erster Stelle \u2013 Sie k\u00f6nnen darauf vertrauen, dass Sie ein erfolgreiches Projekt und eine exzellente Partnerschaft hinter sich haben werden.    <\/span><\/p>\n<p class=\"MsoNormal\"> <\/p>    <\/div>\n<\/div>\n<!-- \/module text --><!-- module buttons -->\n<div  class=\"module module-buttons tb_or41971 buttons-vertical outline  small circle\" data-lazy=\"1\">\n        <div class=\"module-buttons-item tf_in_flx\">\n                        <a href=\"https:\/\/xlmd.hu\/de\/projekten\" class=\"ui builder_button tf_in_flx green\" >\n                                    <em><svg  class=\"tf_fa tf-ti-angle-double-right\" xmlns:xlink=\"http:\/\/www.w3.org\/1999\/xlink\" aria-hidden=\"true\"><use href=\"#tf-ti-angle-double-right\" xlink:href=\"#tf-ti-angle-double-right\"><\/use><\/svg><\/em>                                        unsere Projekten                                        <\/a>\n                <\/div>\n            <\/div>\n<!-- \/module buttons -->\n        <\/div>\n                    <\/div>\n                <div  data-lazy=\"1\" class=\"module_subrow themify_builder_sub_row tf_w col_align_top tb_col_count_1 tb_v5nb877\">\n                <div  data-lazy=\"1\" class=\"module_column sub_column col-full tb_4twr877 first\">\n                    <!-- module fancy heading -->\n<div  class=\"module module-fancy-heading tb_l6mo628  tb_hide_divider\" data-lazy=\"1\">\n        <h3 class=\"fancy-heading tf_textc\">\n    <span class=\"main-head tf_block\">\n                    UNSER TEAM            <\/span>\n\n    \n    <span class=\"sub-head tf_block tf_rel\">\n                    Helden der Teamarbeit            <\/span>\n    <\/h3>\n<\/div>\n<!-- \/module fancy heading -->\n        <\/div>\n                    <\/div>\n                <div  data-lazy=\"1\" class=\"module_subrow themify_builder_sub_row tf_w col_align_top tb_col_count_1 tb_1oq423\">\n                <div  data-lazy=\"1\" class=\"module_column sub_column col-full tb_4u6j27 first\">\n                    <div  id=\"tb_q5el841\" class=\"module tf_clearfix module-testimonial-slider tb_q5el841  image-bubble\" data-lazy=\"1\">\n        <div class=\"themify_builder_testimonial loops-wrapper builder-posts-wrap grid3 tf_clear\">\n                <div class=\"post\">            <div class=\"testimonial-item\">\n                                <div class=\"testimonial-content\">\n                                            <h3 class=\"testimonial-title\">MIK\u00d3 TAM\u00c1S<\/h3>\n                                                                                    <div class=\"testimonial-entry-content\">\n                            <p>PROJEKTMANAGEMENT,<br>VERTRIEB,<br>DRUCK<\/p>\n<p><a href=\"mailto:mt@xlmd.hu\">mt@xlmd.hu<\/a><\/p>\n<p><a href=\"tel:+36708841919\">+36 70 884 1919<\/a><\/p>                        <\/div>\n                                                                <figure class=\"testimonial-image tf_rel\">\n                            <img loading=\"lazy\" decoding=\"async\" src=\"https:\/\/xlmd.hu\/wp-content\/uploads\/2025\/02\/20240617_171546-1-1-1024x768-100x100.jpg\" width=\"100\" height=\"100\" class=\"wp-post-image wp-image-2439\" title=\"miko_tamas\" alt=\"MIK\u00d3 TAM\u00c1S\" srcset=\"https:\/\/xlmd.hu\/wp-content\/uploads\/2025\/02\/20240617_171546-1-1-1024x768-100x100.jpg 100w, https:\/\/xlmd.hu\/wp-content\/uploads\/2025\/02\/20240617_171546-1-1-150x150.jpg 150w\" sizes=\"auto, (max-width: 100px) 100vw, 100px\" \/>                        <\/figure>\n                    \n                                    <\/div>\n            <\/div>\n        <\/div><!-- .post -->            <div class=\"post\">            <div class=\"testimonial-item\">\n                                <div class=\"testimonial-content\">\n                                            <h3 class=\"testimonial-title\">MIK\u00d3 VIVIEN<\/h3>\n                                                                                    <div class=\"testimonial-entry-content\">\n                            <p>PROJEKTMANAGEMENT,<br>VERTRIEB,<br>DESIGNIDEEN<\/p>\n<p><a href=\"mailto:info@xlmd.hu\">info@xlmd.hu<\/a><\/p>\n<p><a href=\"tel:+36708842524\">+36 70 884 2524<\/a><\/p>                        <\/div>\n                                                                <figure class=\"testimonial-image tf_rel\">\n                            <img loading=\"lazy\" decoding=\"async\" src=\"https:\/\/xlmd.hu\/wp-content\/uploads\/2025\/04\/IMG_20230515_183754-scaled-e1754255432986-831x1024-100x100.jpg\" width=\"100\" height=\"100\" class=\"wp-post-image wp-image-2625\" title=\"IMG_20230515_183754\" alt=\"MIK\u00d3 VIVIEN\" srcset=\"https:\/\/xlmd.hu\/wp-content\/uploads\/2025\/04\/IMG_20230515_183754-scaled-e1754255432986-831x1024-100x100.jpg 100w, https:\/\/xlmd.hu\/wp-content\/uploads\/2025\/04\/IMG_20230515_183754-scaled-e1754255432986-150x150.jpg 150w, https:\/\/xlmd.hu\/wp-content\/uploads\/2025\/04\/IMG_20230515_183754-scaled-e1754255432986-300x300.jpg 300w\" sizes=\"auto, (max-width: 100px) 100vw, 100px\" \/>                        <\/figure>\n                    \n                                    <\/div>\n            <\/div>\n        <\/div><!-- .post -->            <div class=\"post\">            <div class=\"testimonial-item\">\n                                <div class=\"testimonial-content\">\n                                            <h3 class=\"testimonial-title\">MIK\u00d3 TAM\u00c1SN\u00c9<\/h3>\n                                                                                    <div class=\"testimonial-entry-content\">\n                            <p>GESCHENKARTIKEL,<br>BESCHRIFTUNG,<br>BEKLEIDUNG<\/p>\n<p><a href=\"mailto:info@xlmd.hu\">info@xlmd.hu<\/a><\/p>\n<p><a href=\"tel:+36708841429\">+36 70 884 1429<\/a><\/p>                        <\/div>\n                                                                <figure class=\"testimonial-image tf_rel\">\n                            <img loading=\"lazy\" decoding=\"async\" src=\"https:\/\/xlmd.hu\/wp-content\/uploads\/2025\/02\/IMG_4461_21-1-1024x576-100x100.jpg\" width=\"100\" height=\"100\" class=\"wp-post-image wp-image-2467\" title=\"IMG_4461_(2)[1]\" alt=\"MIK\u00d3 TAM\u00c1SN\u00c9\" srcset=\"https:\/\/xlmd.hu\/wp-content\/uploads\/2025\/02\/IMG_4461_21-1-1024x576-100x100.jpg 100w, https:\/\/xlmd.hu\/wp-content\/uploads\/2025\/02\/IMG_4461_21-1-1024x576-150x150.jpg 150w\" sizes=\"auto, (max-width: 100px) 100vw, 100px\" \/>                        <\/figure>\n                    \n                                    <\/div>\n            <\/div>\n        <\/div><!-- .post -->            <\/div>\n<\/div>\n        <\/div>\n                    <\/div>\n                <\/div>\n                        <\/div>\n        <\/div>\n        <\/div>\n<!--\/themify_builder_content-->","protected":false},"excerpt":{"rendered":"<p>Ich bin Tam\u00e1s Mik\u00f3, der Inhaber von XL Media Design, einem Hersteller spezieller Werbedekorationsmittel. Wir besch\u00e4ftigen uns mit der Herstellung und Installation spezieller Werbedekorationsmittel, die selbst die Bed\u00fcrfnisse multinationaler Unternehmen abdecken k\u00f6nnen. Meine 15-j\u00e4hrige Berufserfahrung habe ich haupts\u00e4chlich in \u00d6sterreich gesammelt. Seit Jahren produzieren und installieren wir Werbedekorationen f\u00fcr den \u00f6sterreichischen Markt. J\u00e4hrlich dekorieren wir [&hellip;]<\/p>\n","protected":false},"author":1,"featured_media":0,"parent":0,"menu_order":0,"comment_status":"closed","ping_status":"closed","template":"","meta":{"content-type":"","footnotes":""},"class_list":["post-3299","page","type-page","status-publish","hentry","has-post-title","has-post-date","has-post-category","has-post-tag","has-post-comment","has-post-author",""],"builder_content":"<img src=\"https:\/\/xlmd.hu\/wp-content\/uploads\/2025\/02\/20240617_171546-1-1-1024x768-500x375.jpg\" width=\"500\" height=\"375\" title=\"miko_tamas\" alt=\"miko_tamas\" srcset=\"https:\/\/xlmd.hu\/wp-content\/uploads\/2025\/02\/20240617_171546-1-1-1024x768-500x375.jpg 500w, https:\/\/xlmd.hu\/wp-content\/uploads\/2025\/02\/20240617_171546-1-1-300x225.jpg 300w, https:\/\/xlmd.hu\/wp-content\/uploads\/2025\/02\/20240617_171546-1-1-1024x768.jpg 1024w, https:\/\/xlmd.hu\/wp-content\/uploads\/2025\/02\/20240617_171546-1-1-768x576.jpg 768w, https:\/\/xlmd.hu\/wp-content\/uploads\/2025\/02\/20240617_171546-1-1-1536x1152.jpg 1536w, https:\/\/xlmd.hu\/wp-content\/uploads\/2025\/02\/20240617_171546-1-1-2048x1536.jpg 2048w\" sizes=\"(max-width: 500px) 100vw, 500px\" \/>\n[gallery ids=\"1574,1579,1576,1555,1573,1582,1575,1098\"]\n<h1>\u00dcBER UNS<br\/><\/h1>\n<h6>Ich bin Tam\u00e1s Mik\u00f3, der Inhaber von XL Media Design, einem Hersteller spezieller Werbedekorationsmittel.<\/h6> <p>Wir besch\u00e4ftigen uns mit der Herstellung und Installation spezieller Werbedekorationsmittel, die selbst die Bed\u00fcrfnisse multinationaler Unternehmen abdecken k\u00f6nnen.<\/p> <p>Meine 15-j\u00e4hrige Berufserfahrung habe ich haupts\u00e4chlich in \u00d6sterreich gesammelt. Seit Jahren produzieren und installieren wir Werbedekorationen f\u00fcr den \u00f6sterreichischen Markt. J\u00e4hrlich dekorieren wir Fl\u00e4chen in der Gr\u00f6\u00dfe mehrerer Fu\u00dfballfelder mit kurzen Fristen und ohne Reklamationen, sowie spezielle Oberfl\u00e4chen, bei denen Konkurrenzunternehmen normalerweise scheitern. Ab diesem Jahr haben wir unsere eigene Produktionskapazit\u00e4t durch mehrere Entwicklungen auf ein h\u00f6heres Niveau gehoben. Zu unseren Kunden z\u00e4hlen f\u00fchrende Werbeagenturen in Europa sowie staatliche Unternehmen und internationale Handelsketten. <\/p>\n<h3>Unsere Mission<\/h3> <p>Wir unterst\u00fctzen Sie von der Idee bis zur Umsetzung und begleiten den gesamten Prozess. Angepasst an Ihre Bed\u00fcrfnisse bieten wir ma\u00dfgeschneiderte und innovative L\u00f6sungen, damit Ihr Unternehmen stets aktuell und wettbewerbsf\u00e4hig bleibt. Mit unserem Fachwissen und Engagement stellen wir sicher, dass jede Phase des Projekts reibungslos und auf hohem Niveau umgesetzt wird. Unser Ziel ist es, dass Sie Ergebnisse erzielen, die Ihre Erwartungen \u00fcbertreffen und zu Ihrem Gesch\u00e4ftserfolg beitragen. Bei der Zusammenarbeit stehen Qualit\u00e4t und Zuverl\u00e4ssigkeit an erster Stelle \u2013 Sie k\u00f6nnen darauf vertrauen, dass Sie ein erfolgreiches Projekt und eine exzellente Partnerschaft hinter sich haben werden. <\/p> <p> <\/p>\n<a href=\"https:\/\/xlmd.hu\/de\/projekten\" > <em><svg xmlns:xlink=\"http:\/\/www.w3.org\/1999\/xlink\" aria-hidden=\"true\"><use href=\"#tf-ti-angle-double-right\" xlink:href=\"#tf-ti-angle-double-right\"><\/use><\/svg><\/em> unsere Projekten <\/a>\n<h3>UNSER TEAM<br\/>Helden der Teamarbeit<\/h3>\n<h3>MIK\u00d3 TAM\u00c1S<\/h3> <p>PROJEKTMANAGEMENT,<br>VERTRIEB,<br>DRUCK<\/p> <p><a href=\"mailto:mt@xlmd.hu\">mt@xlmd.hu<\/a><\/p> <p><a href=\"tel:+36708841919\">+36 70 884 1919<\/a><\/p> <figure> <img src=\"https:\/\/xlmd.hu\/wp-content\/uploads\/2025\/02\/20240617_171546-1-1-1024x768-100x100.jpg\" width=\"100\" height=\"100\" title=\"miko_tamas\" alt=\"MIK\u00d3 TAM\u00c1S\" srcset=\"https:\/\/xlmd.hu\/wp-content\/uploads\/2025\/02\/20240617_171546-1-1-1024x768-100x100.jpg 100w, https:\/\/xlmd.hu\/wp-content\/uploads\/2025\/02\/20240617_171546-1-1-150x150.jpg 150w\" sizes=\"(max-width: 100px) 100vw, 100px\" \/> <\/figure> <h3>MIK\u00d3 VIVIEN<\/h3> <p>PROJEKTMANAGEMENT,<br>VERTRIEB,<br>DESIGNIDEEN<\/p> <p><a href=\"mailto:info@xlmd.hu\">info@xlmd.hu<\/a><\/p> <p><a href=\"tel:+36708842524\">+36 70 884 2524<\/a><\/p> <figure> <img src=\"https:\/\/xlmd.hu\/wp-content\/uploads\/2025\/04\/IMG_20230515_183754-scaled-e1754255432986-831x1024-100x100.jpg\" width=\"100\" height=\"100\" title=\"IMG_20230515_183754\" alt=\"MIK\u00d3 VIVIEN\" srcset=\"https:\/\/xlmd.hu\/wp-content\/uploads\/2025\/04\/IMG_20230515_183754-scaled-e1754255432986-831x1024-100x100.jpg 100w, https:\/\/xlmd.hu\/wp-content\/uploads\/2025\/04\/IMG_20230515_183754-scaled-e1754255432986-150x150.jpg 150w, https:\/\/xlmd.hu\/wp-content\/uploads\/2025\/04\/IMG_20230515_183754-scaled-e1754255432986-300x300.jpg 300w\" sizes=\"(max-width: 100px) 100vw, 100px\" \/> <\/figure> <h3>MIK\u00d3 TAM\u00c1SN\u00c9<\/h3> <p>GESCHENKARTIKEL,<br>BESCHRIFTUNG,<br>BEKLEIDUNG<\/p> <p><a href=\"mailto:info@xlmd.hu\">info@xlmd.hu<\/a><\/p> <p><a href=\"tel:+36708841429\">+36 70 884 1429<\/a><\/p> <figure> <img src=\"https:\/\/xlmd.hu\/wp-content\/uploads\/2025\/02\/IMG_4461_21-1-1024x576-100x100.jpg\" width=\"100\" height=\"100\" title=\"IMG_4461_(2)[1]\" alt=\"MIK\u00d3 TAM\u00c1SN\u00c9\" srcset=\"https:\/\/xlmd.hu\/wp-content\/uploads\/2025\/02\/IMG_4461_21-1-1024x576-100x100.jpg 100w, https:\/\/xlmd.hu\/wp-content\/uploads\/2025\/02\/IMG_4461_21-1-1024x576-150x150.jpg 150w\" sizes=\"(max-width: 100px) 100vw, 100px\" \/> <\/figure>","_links":{"self":[{"href":"https:\/\/xlmd.hu\/de\/wp-json\/wp\/v2\/pages\/3299","targetHints":{"allow":["GET"]}}],"collection":[{"href":"https:\/\/xlmd.hu\/de\/wp-json\/wp\/v2\/pages"}],"about":[{"href":"https:\/\/xlmd.hu\/de\/wp-json\/wp\/v2\/types\/page"}],"author":[{"embeddable":true,"href":"https:\/\/xlmd.hu\/de\/wp-json\/wp\/v2\/users\/1"}],"replies":[{"embeddable":true,"href":"https:\/\/xlmd.hu\/de\/wp-json\/wp\/v2\/comments?post=3299"}],"version-history":[{"count":0,"href":"https:\/\/xlmd.hu\/de\/wp-json\/wp\/v2\/pages\/3299\/revisions"}],"wp:attachment":[{"href":"https:\/\/xlmd.hu\/de\/wp-json\/wp\/v2\/media?parent=3299"}],"curies":[{"name":"wp","href":"https:\/\/api.w.org\/{rel}","templated":true}]}}